{"id":534,"date":"2019-02-27T13:57:03","date_gmt":"2019-02-27T10:57:03","guid":{"rendered":"https:\/\/adameksik.com\/blog\/?page_id=534"},"modified":"2019-02-27T13:57:03","modified_gmt":"2019-02-27T10:57:03","slug":"kullanim-kosullari","status":"publish","type":"page","link":"https:\/\/adameksik.com\/blog\/kullanim-kosullari\/","title":{"rendered":"Kullan\u0131m Ko\u015fullar\u0131"},"content":{"rendered":"<ol>\n<li><strong>Adam Eksik<\/strong>, temelde hal\u0131 saha ma\u00e7\u0131n\u0131zda eksik oyuncu oldu\u011funda bu eksi\u011fi kapatacak oyuncu bulman\u0131z\u0131 hedefler.<\/li>\n<li>Sistemi kullanmaya ba\u015flamak i\u00e7in kay\u0131t olman\u0131z gerekir. Kay\u0131t olmayan ki\u015filer site i\u00e7eri\u011fini g\u00f6remez ve kullanamazlar.<\/li>\n<li>\u00dcye olduktan sonra giri\u015f panelinden girin yap\u0131n. Giri\u015f yapt\u0131ktan sonra mutlaka profil bilgilerinizi g\u00fcncellemenizi tavsiye ederiz.<\/li>\n<li>Bu k\u0131sm\u0131 tamamlad\u0131ktan sonra hal\u0131 saha ma\u00e7\u0131n\u0131za oyuncu bulmak i\u00e7in\u00a0<strong>Oyuncu Ara<\/strong>\u00a0b\u00f6l\u00fcm\u00fcn\u00fc kullan\u0131n.<\/li>\n<li>Kay\u0131t olurken ger\u00e7ek bilgilerinizi girmelisiniz. E\u011fer kay\u0131t a\u015famas\u0131nda ger\u00e7ek bilgilerinizi girmediyseniz\u00a0<strong>Profili D\u00fczenle<\/strong>\u00a0b\u00f6l\u00fcm\u00fcnden bilgilerinizi g\u00fcncelleyiniz.<\/li>\n<li>Site i\u00e7erisinde argo, k\u00fcf\u00fcr i\u00e7erikli payla\u015f\u0131m veya yorum yapmak yasakt\u0131r.<\/li>\n<li>Profil bilgilerinizi eksiksiz doldurman\u0131z gerekmektedir.<\/li>\n<li>Ma\u00e7a \u00e7a\u011f\u0131raca\u011f\u0131n\u0131z ki\u015fi ma\u00e7a gelmediyse yada ki\u015fi ile ilgili bir problem ya\u015fad\u0131ysan\u0131z\u00a0<strong><a class=\"bp-suggestions-mention\" href=\"https:\/\/adameksik.com\/uyeler\/admin\/\" rel=\"nofollow\">@admin<\/a><\/strong>\u00a0kullan\u0131c\u0131s\u0131na ya\u015fad\u0131\u011f\u0131n\u0131z sorunu mesaj ile bildiriniz.<\/li>\n<li>Ma\u00e7a \u00e7a\u011f\u0131rmak istedi\u011finiz oyuncu ile mesajla\u015farak ma\u00e7 detaylar\u0131n\u0131 ve \u015fartlar\u0131n\u0131 konu\u015fabilirsiniz.<\/li>\n<li>Sitenin nas\u0131l \u00e7al\u0131\u015ft\u0131\u011f\u0131 ile ilgili daha fazla bilgi i\u00e7in l\u00fctfen\u00a0<strong><a href=\"https:\/\/adameksik.com\/s-s-s\/\">S.S.S<\/a><\/strong>\u00a0sayfam\u0131z\u0131 inceleyin.<\/li>\n<li>Numaran\u0131z, bulundu\u011funuz \u015fehir ve ya\u015f\u0131n\u0131z gibi bilgilerin g\u00f6r\u00fcn\u00fcrl\u00fck seviyesini kay\u0131t olurken veya kay\u0131t olduktan sonra\u00a0Profiliniz \u2013 Ayarlar \u2013 Profil G\u00f6r\u00fcn\u00fcrl\u00fc\u011f\u00fc\u00a0k\u0131sm\u0131ndan d\u00fczenleyebilirsiniz.<\/li>\n<li>Sizlerden kay\u0131t olurken istedi\u011fimiz 2 \u00f6nemli bilgi vard\u0131r. Bunlar e-posta adresiniz ve gsm numaran\u0131zd\u0131r. E-posta adresiniz site bildirimlerini alabilmeniz i\u00e7in gsm numaran\u0131z ise di\u011fer oyuncular\u0131n size ula\u015fabilmeleri ad\u0131na \u00f6nemlidir. Bu bilgiler bilerek 3. \u015fah\u0131slarla kesinlikle payla\u015f\u0131lmamaktad\u0131r. Ancak siteye olacak herhangi bir sald\u0131r\u0131da ele ge\u00e7irilmesi durumunda\u00a0AdamEksik.com\u00a0olarak hi\u00e7 bir sorumluluk kabul etmemekteyiz. Bu nedenle bu maddeyi kabul etmiyorsan\u0131z hesab\u0131n\u0131z\u0131\u00a0Profil \u2013 Ayarlar \u2013 Hesab\u0131 Sil\u00a0k\u0131sm\u0131ndan kal\u0131c\u0131 olarak silebilirsiniz.<\/li>\n<li>AdamEksik.com\u00a0olarak sitedeki oyuncular\u0131n yapt\u0131\u011f\u0131 payla\u015f\u0131mlardan ve kat\u0131ld\u0131klar\u0131 ma\u00e7lardaki davran\u0131\u015flar\u0131ndan sorumlu de\u011filiz. Her payla\u015f\u0131m ve ma\u00e7larda ya\u015fanabilecek herhangi bir problem, problemi yaratan veya payla\u015f\u0131m\u0131 yapan ki\u015filerin sorumlulu\u011fundad\u0131r.<\/li>\n<li>AdamEksik.com\u00a0yaln\u0131zca hal\u0131 saha oyuncular\u0131n\u0131n bir araya gelerek, hal\u0131 saha ma\u00e7\u0131na eksik oyuncu ihtiyac\u0131n\u0131n giderilmesini sa\u011flar. Bunun d\u0131\u015f\u0131nda ki\u015filere kar\u015f\u0131 ba\u015fka bir sorumlulu\u011fu yoktur.<\/li>\n<li>AdamEksik.com\u00a0kay\u0131tl\u0131 \u00fcyelerine yaln\u0131zca site ile ilgili mail veya sms g\u00f6nderme hakk\u0131na sahiptir. Site d\u0131\u015f\u0131nda herhangi bir mail veya sms \u00fcyelere g\u00f6nderilmez.<\/li>\n<li>Siteyi kullanan t\u00fcm \u00fcyeler bu\u00a0kullan\u0131m ko\u015fullar\u0131n\u0131\u00a0kabul etmi\u015f say\u0131l\u0131r.<\/li>\n<li>Di\u011fer t\u00fcm sorular ve konular i\u00e7in\u00a0<a class=\"bp-suggestions-mention\" href=\"https:\/\/adameksik.com\/uyeler\/admin\/\" rel=\"nofollow\">@admin<\/a>\u00a0kullan\u0131c\u0131s\u0131na ula\u015fabilir veya\u00a0info@adameksik.com\u00a0adresine mail iletebilirsiniz.<\/li>\n<\/ol>\n","protected":false},"excerpt":{"rendered":"<p>Adam Eksik, temelde hal\u0131 saha ma\u00e7\u0131n\u0131zda eksik oyuncu oldu\u011funda bu eksi\u011fi kapatacak oyuncu bulman\u0131z\u0131 hedefler. Sistemi kullanmaya ba\u015flamak i\u00e7in kay\u0131t<\/p>\n","protected":false},"author":1,"featured_media":0,"parent":0,"menu_order":0,"comment_status":"closed","ping_status":"closed","template":"","meta":{"footnotes":""},"class_list":["post-534","page","type-page","status-publish","hentry"],"_links":{"self":[{"href":"https:\/\/adameksik.com\/blog\/wp-json\/wp\/v2\/pages\/534","targetHints":{"allow":["GET"]}}],"collection":[{"href":"https:\/\/adameksik.com\/blog\/wp-json\/wp\/v2\/pages"}],"about":[{"href":"https:\/\/adameksik.com\/blog\/wp-json\/wp\/v2\/types\/page"}],"author":[{"embeddable":true,"href":"https:\/\/adameksik.com\/blog\/wp-json\/wp\/v2\/users\/1"}],"replies":[{"embeddable":true,"href":"https:\/\/adameksik.com\/blog\/wp-json\/wp\/v2\/comments?post=534"}],"version-history":[{"count":1,"href":"https:\/\/adameksik.com\/blog\/wp-json\/wp\/v2\/pages\/534\/revisions"}],"predecessor-version":[{"id":535,"href":"https:\/\/adameksik.com\/blog\/wp-json\/wp\/v2\/pages\/534\/revisions\/535"}],"wp:attachment":[{"href":"https:\/\/adameksik.com\/blog\/wp-json\/wp\/v2\/media?parent=534"}],"curies":[{"name":"wp","href":"https:\/\/api.w.org\/{rel}","templated":true}]}}